{"id":2254,"date":"2022-07-07T06:21:28","date_gmt":"2022-07-07T06:21:28","guid":{"rendered":"https:\/\/skymill.ee\/contacto\/"},"modified":"2022-08-04T10:54:17","modified_gmt":"2022-08-04T10:54:17","slug":"contacto","status":"publish","type":"page","link":"https:\/\/skymill.ee\/es\/contacto\/","title":{"rendered":"Contacto"},"content":{"rendered":"<p>[et_pb_section fb_built=\u00bb1&#8243; next_background_color=\u00bb#ffffff\u00bb _builder_version=\u00bb4.17.3&#8243; background_color=\u00bb#297FCA\u00bb use_background_color_gradient=\u00bbon\u00bb background_color_gradient_stops=\u00bbrgba(224,153,0,0.21) 0%|rgba(33,124,0,0.17) 100%\u00bb background_color_gradient_overlays_image=\u00bbon\u00bb background_image=\u00bbhttps:\/\/skymill.ee\/wp-content\/uploads\/2022\/05\/page-header.jpg\u00bb background_enable_pattern_style=\u00bbon\u00bb background_pattern_style=\u00bbdiagonal-stripes-2&#8243; background_pattern_color=\u00bbrgba(0,0,0,0.03)\u00bb custom_padding=\u00bb140px||140px||true|false\u00bb bottom_divider_style=\u00bbwave2&#8243; bottom_divider_height=\u00bb50px\u00bb saved_tabs=\u00bball\u00bb global_colors_info=\u00bb{}\u00bb theme_builder_area=\u00bbpost_content\u00bb][et_pb_row _builder_version=\u00bb4.17.3&#8243; _module_preset=\u00bbdefault\u00bb global_colors_info=\u00bb{}\u00bb theme_builder_area=\u00bbpost_content\u00bb][et_pb_column type=\u00bb4_4&#8243; _builder_version=\u00bb4.17.3&#8243; _module_preset=\u00bbdefault\u00bb global_colors_info=\u00bb{}\u00bb theme_builder_area=\u00bbpost_content\u00bb][et_pb_post_title meta=\u00bboff\u00bb featured_image=\u00bboff\u00bb _builder_version=\u00bb4.17.3&#8243; _module_preset=\u00bbdefault\u00bb title_font=\u00bbOswald|||on|||||\u00bb title_text_align=\u00bbcenter\u00bb title_text_color=\u00bb#FFFFFF\u00bb title_font_size=\u00bb80px\u00bb hover_enabled=\u00bb0&#8243; global_colors_info=\u00bb{}\u00bb theme_builder_area=\u00bbpost_content\u00bb sticky_enabled=\u00bb0&#8243;][\/et_pb_post_title][\/et_pb_column][\/et_pb_row][\/et_pb_section][et_pb_section fb_built=\u00bb1&#8243; _builder_version=\u00bb4.17.3&#8243; _module_preset=\u00bbdefault\u00bb custom_padding=\u00bb35px||35px||true|\u00bb global_colors_info=\u00bb{}\u00bb theme_builder_area=\u00bbpost_content\u00bb][et_pb_row column_structure=\u00bb1_2,1_2&#8243; _builder_version=\u00bb4.17.3&#8243; _module_preset=\u00bbdefault\u00bb global_colors_info=\u00bb{}\u00bb theme_builder_area=\u00bbpost_content\u00bb][et_pb_column type=\u00bb1_2&#8243; _builder_version=\u00bb4.17.3&#8243; _module_preset=\u00bbdefault\u00bb global_colors_info=\u00bb{}\u00bb theme_builder_area=\u00bbpost_content\u00bb][et_pb_text _builder_version=\u00bb4.17.3&#8243; _module_preset=\u00bbdefault\u00bb theme_builder_area=\u00bbpost_content\u00bb hover_enabled=\u00bb0&#8243; sticky_enabled=\u00bb0&#8243; text_font=\u00bbOswald||||||||\u00bb text_text_color=\u00bb#000000&#8243; text_font_size=\u00bb40px\u00bb]Arliten O\u00dc[\/et_pb_text][et_pb_text _builder_version=\u00bb4.17.3&#8243; text_font=\u00bbPoppins|300|||||||\u00bb text_text_color=\u00bb#000000&#8243; text_font_size=\u00bb18px\u00bb text_line_height=\u00bb1.6em\u00bb hover_enabled=\u00bb0&#8243; global_colors_info=\u00bb{}\u00bb theme_builder_area=\u00bbpost_content\u00bb sticky_enabled=\u00bb0&#8243;]No dudes de ponerte en contacto con nosotros si necesitas informaci\u00f3n adicional. Si es posible, escr\u00edbenos en ingl\u00e9s.[\/et_pb_text][et_pb_blurb title=\u00bb\u00bfTiene alguna pregunta?\u00bb _builder_version=\u00bb4.17.3&#8243; _module_preset=\u00bbdefault\u00bb theme_builder_area=\u00bbpost_content\u00bb icon_placement=\u00bbleft\u00bb header_font=\u00bbOswald||||||||\u00bb header_text_color=\u00bb#000000&#8243; header_font_size=\u00bb20px\u00bb body_font=\u00bbPoppins|300|||||||\u00bb body_text_color=\u00bb#000000&#8243; body_font_size=\u00bb15px\u00bb hover_enabled=\u00bb0&#8243; sticky_enabled=\u00bb0&#8243; use_icon=\u00bbon\u00bb font_icon=\u00bb&#xe010;||divi||400&#8243; icon_color=\u00bb#299351&#8243; icon_color__hover_enabled=\u00bbon|hover\u00bb icon_color__hover=\u00bb#299351&#8243;]<\/p>\n<p>info@skymill.ee<\/p>\n<p>[\/et_pb_blurb][et_pb_blurb title=\u00bbTel\u00e9fono\u00bb _builder_version=\u00bb4.17.3&#8243; _module_preset=\u00bbdefault\u00bb theme_builder_area=\u00bbpost_content\u00bb icon_placement=\u00bbleft\u00bb header_font=\u00bbOswald||||||||\u00bb header_text_color=\u00bb#000000&#8243; header_font_size=\u00bb20px\u00bb body_font=\u00bbPoppins|300|||||||\u00bb body_text_color=\u00bb#000000&#8243; body_font_size=\u00bb15px\u00bb hover_enabled=\u00bb0&#8243; sticky_enabled=\u00bb0&#8243; use_icon=\u00bbon\u00bb font_icon=\u00bb&#xf095;||fa||900&#8243; global_colors_info=\u00bb{}\u00bb icon_color=\u00bb#299351&#8243;]<\/p>\n<p>Fax: +372 454 5480<br \/>Phone: +372 504 3972<\/p>\n<p>[\/et_pb_blurb][et_pb_blurb title=\u00bbDetalles\u00bb _builder_version=\u00bb4.17.3&#8243; _module_preset=\u00bbdefault\u00bb theme_builder_area=\u00bbpost_content\u00bb icon_placement=\u00bbleft\u00bb header_font=\u00bbOswald||||||||\u00bb header_text_color=\u00bb#000000&#8243; header_font_size=\u00bb20px\u00bb body_font=\u00bbPoppins|300|||||||\u00bb body_text_color=\u00bb#000000&#8243; body_font_size=\u00bb15px\u00bb hover_enabled=\u00bb0&#8243; sticky_enabled=\u00bb0&#8243; use_icon=\u00bbon\u00bb font_icon=\u00bb&#xf129;||fa||900&#8243; global_colors_info=\u00bb{}\u00bb icon_color=\u00bb#299351&#8243;]Direcci\u00f3n: Haaslava K. 62107 Tartu, Estonia<br \/>\nReg. 10913440<br \/>\nVAT: EE100847778<br \/>\nIBAN: EE941010220029267018[\/et_pb_blurb][\/et_pb_column][et_pb_column type=\u00bb1_2&#8243; _builder_version=\u00bb4.17.3&#8243; _module_preset=\u00bbdefault\u00bb global_colors_info=\u00bb{}\u00bb theme_builder_area=\u00bbpost_content\u00bb][et_pb_cta title=\u00bbArliten O\u00dc es miembro de la C\u00e1mara de Comercio e Industria de Estonia.\u00bb button_text=\u00bbHaz clic aqu\u00ed\u00bb _builder_version=\u00bb4.17.3&#8243; _module_preset=\u00bbdefault\u00bb header_font=\u00bbOswald|||on|||||\u00bb header_line_height=\u00bb1.4em\u00bb use_background_color_gradient=\u00bbon\u00bb background_color_gradient_stops=\u00bbrgba(0,0,0,0.26) 0%|rgba(0,0,0,0.39) 99%\u00bb background_color_gradient_overlays_image=\u00bbon\u00bb background_image=\u00bbhttps:\/\/skymill.ee\/wp-content\/uploads\/2022\/05\/beautiful-shot-forest-with-tall-trees-bright-sun-rays-shining-2.jpg\u00bb custom_margin=\u00bb2px|||||\u00bb custom_padding=\u00bb||107px|||\u00bb border_radii=\u00bbon|10px|10px|10px|10px\u00bb global_colors_info=\u00bb{}\u00bb theme_builder_area=\u00bbpost_content\u00bb]<img loading=\"lazy\" decoding=\"async\" class=\"wp-image-139 alignnone size-medium\" src=\"https:\/\/skymill.ee\/wp-content\/uploads\/2022\/05\/KODA_liige_ENG_logo_horiz-1920x640-1-300x100.png\" alt=\"\" width=\"264\" height=\"88\" \/>[\/et_pb_cta][\/et_pb_column][\/et_pb_row][\/et_pb_section]<\/p>\n","protected":false},"excerpt":{"rendered":"<p>[et_pb_section fb_built=\u00bb1&#8243; next_background_color=\u00bb#ffffff\u00bb _builder_version=\u00bb4.17.3&#8243; background_color=\u00bb#297FCA\u00bb use_background_color_gradient=\u00bbon\u00bb background_color_gradient_stops=\u00bbrgba(224,153,0,0.21) 0%|rgba(33,124,0,0.17) 100%\u00bb background_color_gradient_overlays_image=\u00bbon\u00bb background_image=\u00bbhttps:\/\/skymill.ee\/wp-content\/uploads\/2022\/05\/page-header.jpg\u00bb background_enable_pattern_style=\u00bbon\u00bb background_pattern_style=\u00bbdiagonal-stripes-2&#8243; background_pattern_color=\u00bbrgba(0,0,0,0.03)\u00bb custom_padding=\u00bb140px||140px||true|false\u00bb bottom_divider_style=\u00bbwave2&#8243; bottom_divider_height=\u00bb50px\u00bb saved_tabs=\u00bball\u00bb global_colors_info=\u00bb{}\u00bb theme_builder_area=\u00bbpost_content\u00bb][et_pb_row _builder_version=\u00bb4.17.3&#8243; _module_preset=\u00bbdefault\u00bb global_colors_info=\u00bb{}\u00bb theme_builder_area=\u00bbpost_content\u00bb][et_pb_column type=\u00bb4_4&#8243; _builder_version=\u00bb4.17.3&#8243; _module_preset=\u00bbdefault\u00bb global_colors_info=\u00bb{}\u00bb theme_builder_area=\u00bbpost_content\u00bb][et_pb_post_title meta=\u00bboff\u00bb featured_image=\u00bboff\u00bb _builder_version=\u00bb4.17.3&#8243; _module_preset=\u00bbdefault\u00bb title_font=\u00bbOswald|||on|||||\u00bb title_text_align=\u00bbcenter\u00bb title_text_color=\u00bb#FFFFFF\u00bb title_font_size=\u00bb80px\u00bb hover_enabled=\u00bb0&#8243; global_colors_info=\u00bb{}\u00bb theme_builder_area=\u00bbpost_content\u00bb sticky_enabled=\u00bb0&#8243;][\/et_pb_post_title][\/et_pb_column][\/et_pb_row][\/et_pb_section][et_pb_section fb_built=\u00bb1&#8243; _builder_version=\u00bb4.17.3&#8243; _module_preset=\u00bbdefault\u00bb custom_padding=\u00bb35px||35px||true|\u00bb global_colors_info=\u00bb{}\u00bb theme_builder_area=\u00bbpost_content\u00bb][et_pb_row column_structure=\u00bb1_2,1_2&#8243; _builder_version=\u00bb4.17.3&#8243; _module_preset=\u00bbdefault\u00bb global_colors_info=\u00bb{}\u00bb theme_builder_area=\u00bbpost_content\u00bb][et_pb_column type=\u00bb1_2&#8243; _builder_version=\u00bb4.17.3&#8243; _module_preset=\u00bbdefault\u00bb [&hellip;]<\/p>\n","protected":false},"author":1,"featured_media":0,"parent":0,"menu_order":0,"comment_status":"closed","ping_status":"closed","template":"","meta":{"_et_pb_use_builder":"off","_et_pb_old_content":"","_et_gb_content_width":"","footnotes":""},"class_list":["post-2254","page","type-page","status-publish","hentry"],"_links":{"self":[{"href":"https:\/\/skymill.ee\/es\/wp-json\/wp\/v2\/pages\/2254","targetHints":{"allow":["GET"]}}],"collection":[{"href":"https:\/\/skymill.ee\/es\/wp-json\/wp\/v2\/pages"}],"about":[{"href":"https:\/\/skymill.ee\/es\/wp-json\/wp\/v2\/types\/page"}],"author":[{"embeddable":true,"href":"https:\/\/skymill.ee\/es\/wp-json\/wp\/v2\/users\/1"}],"replies":[{"embeddable":true,"href":"https:\/\/skymill.ee\/es\/wp-json\/wp\/v2\/comments?post=2254"}],"version-history":[{"count":2,"href":"https:\/\/skymill.ee\/es\/wp-json\/wp\/v2\/pages\/2254\/revisions"}],"predecessor-version":[{"id":2256,"href":"https:\/\/skymill.ee\/es\/wp-json\/wp\/v2\/pages\/2254\/revisions\/2256"}],"wp:attachment":[{"href":"https:\/\/skymill.ee\/es\/wp-json\/wp\/v2\/media?parent=2254"}],"curies":[{"name":"wp","href":"https:\/\/api.w.org\/{rel}","templated":true}]}}