{"id":1729,"date":"2022-05-30T05:09:02","date_gmt":"2022-05-30T05:09:02","guid":{"rendered":"https:\/\/skymill.ee\/sobre-nosotros\/"},"modified":"2022-08-04T10:03:23","modified_gmt":"2022-08-04T10:03:23","slug":"sobre-nosotros","status":"publish","type":"page","link":"https:\/\/skymill.ee\/es\/sobre-nosotros\/","title":{"rendered":"Sobre Nosotros"},"content":{"rendered":"<p>[et_pb_section fb_built=\u00bb1&#8243; _builder_version=\u00bb4.17.3&#8243; background_color=\u00bb#297FCA\u00bb use_background_color_gradient=\u00bbon\u00bb background_color_gradient_stops=\u00bbrgba(224,153,0,0.21) 0%|rgba(33,124,0,0.17) 100%\u00bb background_color_gradient_overlays_image=\u00bbon\u00bb background_image=\u00bbhttps:\/\/skymill.ee\/wp-content\/uploads\/2022\/05\/page-header.jpg\u00bb custom_padding=\u00bb140px||140px||true|false\u00bb hover_enabled=\u00bb0&#8243; saved_tabs=\u00bball\u00bb global_colors_info=\u00bb{}\u00bb bottom_divider_style=\u00bbwave2&#8243; bottom_divider_height=\u00bb50px\u00bb sticky_enabled=\u00bb0&#8243; background_enable_pattern_style=\u00bbon\u00bb background_pattern_style=\u00bbdiagonal-stripes-2&#8243; background_pattern_color=\u00bbrgba(0,0,0,0.03)\u00bb next_background_color=\u00bb#ffffff\u00bb][et_pb_row _builder_version=\u00bb4.17.3&#8243; _module_preset=\u00bbdefault\u00bb][et_pb_column _builder_version=\u00bb4.17.3&#8243; _module_preset=\u00bbdefault\u00bb type=\u00bb4_4&#8243;][et_pb_post_title _builder_version=\u00bb4.17.3&#8243; _module_preset=\u00bbdefault\u00bb meta=\u00bboff\u00bb featured_image=\u00bboff\u00bb hover_enabled=\u00bb0&#8243; sticky_enabled=\u00bb0&#8243; title_font=\u00bbOswald|||on|||||\u00bb title_text_color=\u00bb#FFFFFF\u00bb title_font_size=\u00bb80px\u00bb title_text_align=\u00bbcenter\u00bb][\/et_pb_post_title][\/et_pb_column][\/et_pb_row][\/et_pb_section][et_pb_section fb_built=\u00bb1&#8243; theme_builder_area=\u00bbpost_content\u00bb _builder_version=\u00bb4.17.3&#8243; _module_preset=\u00bbdefault\u00bb custom_padding=\u00bb35px||35px||true|\u00bb][et_pb_row _builder_version=\u00bb4.17.3&#8243; _module_preset=\u00bbdefault\u00bb theme_builder_area=\u00bbpost_content\u00bb column_structure=\u00bb1_2,1_2&#8243;][et_pb_column _builder_version=\u00bb4.17.3&#8243; _module_preset=\u00bbdefault\u00bb type=\u00bb1_2&#8243; theme_builder_area=\u00bbpost_content\u00bb][et_pb_text _builder_version=\u00bb4.17.3&#8243; header_3_font=\u00bbOswald|||on|||||\u00bb header_3_text_align=\u00bbleft\u00bb header_3_text_color=\u00bb#221f18&#8243; header_3_font_size=\u00bb42px\u00bb header_3_line_height=\u00bb1.2em\u00bb global_colors_info=\u00bb{}\u00bb sticky_enabled=\u00bb0&#8243; header_3_font_size_phone=\u00bb40px\u00bb header_3_font_size_last_edited=\u00bbon|phone\u00bb custom_margin=\u00bb-5px||2px||false|false\u00bb custom_margin_tablet=\u00bb-15px||||false|false\u00bb custom_margin_phone=\u00bb-15px||||false|false\u00bb custom_margin_last_edited=\u00bbon|phone\u00bb hover_enabled=\u00bb0&#8243; theme_builder_area=\u00bbpost_content\u00bb min_height=\u00bb124.8px\u00bb header_3_font_size_tablet=\u00bb42px\u00bb]<\/p>\n<h3>Ofrecemos un enfoque<br \/>\npersonal a cada cliente<\/h3>\n<p>[\/et_pb_text][et_pb_text _builder_version=\u00bb4.17.3&#8243; text_font=\u00bbRajdhani||||||||\u00bb text_text_color=\u00bb#000000&#8243; text_font_size=\u00bb20px\u00bb text_line_height=\u00bb1.6em\u00bb global_colors_info=\u00bb{}\u00bb theme_builder_area=\u00bbpost_content\u00bb hover_enabled=\u00bb0&#8243; sticky_enabled=\u00bb0&#8243;]Arliten O\u00dc presa privada establecida en 2003 que se dedica a la venta y exportaci\u00f3n de casas de madera y productos de madera con la marca The Skymill.<\/p>\n<p>Tenemos casi 25 a\u00f1os de experiencia en la producci\u00f3n y venta de edificios de vigas laminadas. Cada continente cuenta con una de nuestras casitas de jard\u00edn, casas de veraneo o viviendas.[\/et_pb_text][\/et_pb_column][et_pb_column _builder_version=\u00bb4.17.3&#8243; _module_preset=\u00bbdefault\u00bb type=\u00bb1_2&#8243; theme_builder_area=\u00bbpost_content\u00bb][et_pb_cta title=\u00bbArliten O\u00dc es miembro de la C\u00e1mara de Comercio e Industria de Estonia.\u00bb button_text=\u00bbHaz clic aqu\u00ed\u00bb _builder_version=\u00bb4.17.3&#8243; _module_preset=\u00bbdefault\u00bb header_font=\u00bbOswald|||on|||||\u00bb header_line_height=\u00bb1.4em\u00bb use_background_color_gradient=\u00bbon\u00bb background_color_gradient_stops=\u00bbrgba(0,0,0,0.26) 0%|rgba(0,0,0,0.39) 99%\u00bb background_color_gradient_overlays_image=\u00bbon\u00bb background_image=\u00bbhttps:\/\/skymill.ee\/wp-content\/uploads\/2022\/05\/beautiful-shot-forest-with-tall-trees-bright-sun-rays-shining-2.jpg\u00bb custom_margin=\u00bb2px|||||\u00bb custom_padding=\u00bb||107px|||\u00bb hover_enabled=\u00bb0&#8243; global_colors_info=\u00bb{}\u00bb sticky_enabled=\u00bb0&#8243; border_radii=\u00bbon|10px|10px|10px|10px\u00bb theme_builder_area=\u00bbpost_content\u00bb]<\/p>\n<p><img loading=\"lazy\" decoding=\"async\" src=\"https:\/\/skymill.ee\/wp-content\/uploads\/2022\/05\/KODA_liige_ENG_logo_horiz-1920x640-1-300x100.png\" width=\"264\" height=\"88\" alt=\"\" class=\"wp-image-139 alignnone size-medium\" \/><\/p>\n<p>[\/et_pb_cta][\/et_pb_column][\/et_pb_row][\/et_pb_section][et_pb_section fb_built=\u00bb1&#8243; theme_builder_area=\u00bbpost_content\u00bb _builder_version=\u00bb4.17.3&#8243; _module_preset=\u00bbdefault\u00bb custom_padding=\u00bb35px||35px||true|\u00bb][et_pb_row _builder_version=\u00bb4.17.3&#8243; _module_preset=\u00bbdefault\u00bb theme_builder_area=\u00bbpost_content\u00bb column_structure=\u00bb1_3,1_3,1_3&#8243; sticky_enabled=\u00bb0&#8243; use_custom_gutter=\u00bbon\u00bb gutter_width=\u00bb2&#8243; make_equal=\u00bbon\u00bb width=\u00bb90%\u00bb width_tablet=\u00bb90%\u00bb width_phone=\u00bb90%\u00bb width_last_edited=\u00bbon|tablet\u00bb max_width=\u00bb80%\u00bb max_width_tablet=\u00bb500px\u00bb max_width_phone=\u00bb90%\u00bb max_width_last_edited=\u00bbon|desktop\u00bb custom_padding=\u00bb0px||0px||true|false\u00bb][et_pb_column _builder_version=\u00bb4.17.3&#8243; _module_preset=\u00bbdefault\u00bb type=\u00bb1_3&#8243; theme_builder_area=\u00bbpost_content\u00bb][et_pb_text _builder_version=\u00bb4.17.3&#8243; header_font=\u00bbOswald||||||||\u00bb header_text_align=\u00bbcenter\u00bb header_text_color=\u00bb#000000&#8243; header_font_size=\u00bb60px\u00bb header_line_height=\u00bb1.4em\u00bb header_2_font=\u00bbMontserrat|800|||||||\u00bb header_2_text_align=\u00bbleft\u00bb header_2_text_color=\u00bb#2F3241&#8243; header_2_font_size=\u00bb35px\u00bb header_2_line_height=\u00bb1.4em\u00bb header_3_font=\u00bbMontserrat|800|||||||\u00bb header_3_text_align=\u00bbleft\u00bb header_3_text_color=\u00bb#2F3241&#8243; header_3_font_size=\u00bb35px\u00bb header_3_line_height=\u00bb1.4em\u00bb header_4_font=\u00bbMontserrat|800|||||||\u00bb header_4_text_align=\u00bbleft\u00bb header_4_text_color=\u00bb#2F3241&#8243; header_4_font_size=\u00bb35px\u00bb header_4_line_height=\u00bb1.4em\u00bb header_5_font=\u00bbMontserrat|800|||||||\u00bb header_5_text_align=\u00bbleft\u00bb header_5_text_color=\u00bb#2F3241&#8243; header_5_font_size=\u00bb35px\u00bb header_5_line_height=\u00bb1.4em\u00bb header_6_font=\u00bbMontserrat|800|||||||\u00bb header_6_text_align=\u00bbleft\u00bb header_6_text_color=\u00bb#2F3241&#8243; header_6_font_size=\u00bb35px\u00bb header_6_line_height=\u00bb1.4em\u00bb hover_enabled=\u00bb0&#8243; global_colors_info=\u00bb{}\u00bb locked=\u00bboff\u00bb theme_builder_area=\u00bbpost_content\u00bb sticky_enabled=\u00bb0&#8243; custom_margin=\u00bb||1px|||\u00bb]<\/p>\n<h1>25+<\/h1>\n<p>[\/et_pb_text][et_pb_divider color=\u00bb#299350&#8243; divider_weight=\u00bb3px\u00bb _builder_version=\u00bb4.17.3&#8243; max_width=\u00bb30%\u00bb module_alignment=\u00bbcenter\u00bb hover_enabled=\u00bb0&#8243; global_colors_info=\u00bb{}\u00bb locked=\u00bboff\u00bb theme_builder_area=\u00bbpost_content\u00bb sticky_enabled=\u00bb0&#8243;][\/et_pb_divider][et_pb_text _builder_version=\u00bb4.17.3&#8243; header_font=\u00bbOswald|||on|||||\u00bb header_text_align=\u00bbcenter\u00bb header_text_color=\u00bb#000000&#8243; header_font_size=\u00bb20px\u00bb header_line_height=\u00bb1.4em\u00bb header_2_font=\u00bbOswald|800|||||||\u00bb header_2_text_align=\u00bbcenter\u00bb header_2_text_color=\u00bb#2F3241&#8243; header_2_font_size=\u00bb22px\u00bb header_2_line_height=\u00bb1.6em\u00bb header_3_font=\u00bbMontserrat|800|||||||\u00bb header_3_text_align=\u00bbleft\u00bb header_3_text_color=\u00bb#2F3241&#8243; header_3_font_size=\u00bb35px\u00bb header_3_line_height=\u00bb1.4em\u00bb header_4_font=\u00bbMontserrat|800|||||||\u00bb header_4_text_align=\u00bbleft\u00bb header_4_text_color=\u00bb#2F3241&#8243; header_4_font_size=\u00bb35px\u00bb header_4_line_height=\u00bb1.4em\u00bb header_5_font=\u00bbMontserrat|800|||||||\u00bb header_5_text_align=\u00bbleft\u00bb header_5_text_color=\u00bb#2F3241&#8243; header_5_font_size=\u00bb35px\u00bb header_5_line_height=\u00bb1.4em\u00bb header_6_font=\u00bbMontserrat|800|||||||\u00bb header_6_text_align=\u00bbleft\u00bb header_6_text_color=\u00bb#2F3241&#8243; header_6_font_size=\u00bb35px\u00bb header_6_line_height=\u00bb1.4em\u00bb custom_margin=\u00bb-30px|||\u00bb hover_enabled=\u00bb0&#8243; global_colors_info=\u00bb{}\u00bb locked=\u00bboff\u00bb theme_builder_area=\u00bbpost_content\u00bb sticky_enabled=\u00bb0&#8243;]<\/p>\n<h2>a\u00f1os de experiencia en la producci\u00f3n y venta de edificios de vigas laminadas<\/h2>\n<p>[\/et_pb_text][\/et_pb_column][et_pb_column _builder_version=\u00bb4.17.3&#8243; _module_preset=\u00bbdefault\u00bb type=\u00bb1_3&#8243; theme_builder_area=\u00bbpost_content\u00bb][et_pb_text _builder_version=\u00bb4.17.3&#8243; header_font=\u00bbOswald||||||||\u00bb header_text_align=\u00bbcenter\u00bb header_text_color=\u00bb#000000&#8243; header_font_size=\u00bb60px\u00bb header_line_height=\u00bb1.4em\u00bb header_2_font=\u00bbMontserrat|800|||||||\u00bb header_2_text_align=\u00bbleft\u00bb header_2_text_color=\u00bb#2F3241&#8243; header_2_font_size=\u00bb35px\u00bb header_2_line_height=\u00bb1.4em\u00bb header_3_font=\u00bbMontserrat|800|||||||\u00bb header_3_text_align=\u00bbleft\u00bb header_3_text_color=\u00bb#2F3241&#8243; header_3_font_size=\u00bb35px\u00bb header_3_line_height=\u00bb1.4em\u00bb header_4_font=\u00bbMontserrat|800|||||||\u00bb header_4_text_align=\u00bbleft\u00bb header_4_text_color=\u00bb#2F3241&#8243; header_4_font_size=\u00bb35px\u00bb header_4_line_height=\u00bb1.4em\u00bb header_5_font=\u00bbMontserrat|800|||||||\u00bb header_5_text_align=\u00bbleft\u00bb header_5_text_color=\u00bb#2F3241&#8243; header_5_font_size=\u00bb35px\u00bb header_5_line_height=\u00bb1.4em\u00bb header_6_font=\u00bbMontserrat|800|||||||\u00bb header_6_text_align=\u00bbleft\u00bb header_6_text_color=\u00bb#2F3241&#8243; header_6_font_size=\u00bb35px\u00bb header_6_line_height=\u00bb1.4em\u00bb hover_enabled=\u00bb0&#8243; global_colors_info=\u00bb{}\u00bb locked=\u00bboff\u00bb theme_builder_area=\u00bbpost_content\u00bb sticky_enabled=\u00bb0&#8243; custom_margin=\u00bb||1px|||\u00bb]<\/p>\n<h1>100+<\/h1>\n<p>[\/et_pb_text][et_pb_divider color=\u00bb#299350&#8243; divider_weight=\u00bb3px\u00bb _builder_version=\u00bb4.17.3&#8243; max_width=\u00bb30%\u00bb module_alignment=\u00bbcenter\u00bb hover_enabled=\u00bb0&#8243; global_colors_info=\u00bb{}\u00bb locked=\u00bboff\u00bb theme_builder_area=\u00bbpost_content\u00bb sticky_enabled=\u00bb0&#8243;][\/et_pb_divider][et_pb_text _builder_version=\u00bb4.17.3&#8243; header_font=\u00bbOswald|||on|||||\u00bb header_text_align=\u00bbcenter\u00bb header_text_color=\u00bb#000000&#8243; header_font_size=\u00bb20px\u00bb header_line_height=\u00bb1.4em\u00bb header_2_font=\u00bbOswald|800|||||||\u00bb header_2_text_align=\u00bbcenter\u00bb header_2_text_color=\u00bb#2F3241&#8243; header_2_font_size=\u00bb22px\u00bb header_2_line_height=\u00bb1.6em\u00bb header_3_font=\u00bbMontserrat|800|||||||\u00bb header_3_text_align=\u00bbleft\u00bb header_3_text_color=\u00bb#2F3241&#8243; header_3_font_size=\u00bb35px\u00bb header_3_line_height=\u00bb1.4em\u00bb header_4_font=\u00bbMontserrat|800|||||||\u00bb header_4_text_align=\u00bbleft\u00bb header_4_text_color=\u00bb#2F3241&#8243; header_4_font_size=\u00bb35px\u00bb header_4_line_height=\u00bb1.4em\u00bb header_5_font=\u00bbMontserrat|800|||||||\u00bb header_5_text_align=\u00bbleft\u00bb header_5_text_color=\u00bb#2F3241&#8243; header_5_font_size=\u00bb35px\u00bb header_5_line_height=\u00bb1.4em\u00bb header_6_font=\u00bbMontserrat|800|||||||\u00bb header_6_text_align=\u00bbleft\u00bb header_6_text_color=\u00bb#2F3241&#8243; header_6_font_size=\u00bb35px\u00bb header_6_line_height=\u00bb1.4em\u00bb custom_margin=\u00bb-30px|||\u00bb hover_enabled=\u00bb0&#8243; global_colors_info=\u00bb{}\u00bb locked=\u00bboff\u00bb theme_builder_area=\u00bbpost_content\u00bb sticky_enabled=\u00bb0&#8243;]<\/p>\n<h2>M\u00e1s que 100<br \/>\nproyectos completados<\/h2>\n<p>[\/et_pb_text][\/et_pb_column][et_pb_column _builder_version=\u00bb4.17.3&#8243; _module_preset=\u00bbdefault\u00bb type=\u00bb1_3&#8243; theme_builder_area=\u00bbpost_content\u00bb][et_pb_text _builder_version=\u00bb4.17.3&#8243; header_font=\u00bbOswald||||||||\u00bb header_text_align=\u00bbcenter\u00bb header_text_color=\u00bb#000000&#8243; header_font_size=\u00bb60px\u00bb header_line_height=\u00bb1.4em\u00bb header_2_font=\u00bbMontserrat|800|||||||\u00bb header_2_text_align=\u00bbleft\u00bb header_2_text_color=\u00bb#2F3241&#8243; header_2_font_size=\u00bb35px\u00bb header_2_line_height=\u00bb1.4em\u00bb header_3_font=\u00bbMontserrat|800|||||||\u00bb header_3_text_align=\u00bbleft\u00bb header_3_text_color=\u00bb#2F3241&#8243; header_3_font_size=\u00bb35px\u00bb header_3_line_height=\u00bb1.4em\u00bb header_4_font=\u00bbMontserrat|800|||||||\u00bb header_4_text_align=\u00bbleft\u00bb header_4_text_color=\u00bb#2F3241&#8243; header_4_font_size=\u00bb35px\u00bb header_4_line_height=\u00bb1.4em\u00bb header_5_font=\u00bbMontserrat|800|||||||\u00bb header_5_text_align=\u00bbleft\u00bb header_5_text_color=\u00bb#2F3241&#8243; header_5_font_size=\u00bb35px\u00bb header_5_line_height=\u00bb1.4em\u00bb header_6_font=\u00bbMontserrat|800|||||||\u00bb header_6_text_align=\u00bbleft\u00bb header_6_text_color=\u00bb#2F3241&#8243; header_6_font_size=\u00bb35px\u00bb header_6_line_height=\u00bb1.4em\u00bb hover_enabled=\u00bb0&#8243; global_colors_info=\u00bb{}\u00bb locked=\u00bboff\u00bb theme_builder_area=\u00bbpost_content\u00bb sticky_enabled=\u00bb0&#8243; custom_margin=\u00bb||1px|||\u00bb]<\/p>\n<h1>12+<\/h1>\n<p>[\/et_pb_text][et_pb_divider color=\u00bb#299350&#8243; divider_weight=\u00bb3px\u00bb _builder_version=\u00bb4.17.3&#8243; max_width=\u00bb30%\u00bb module_alignment=\u00bbcenter\u00bb hover_enabled=\u00bb0&#8243; global_colors_info=\u00bb{}\u00bb locked=\u00bboff\u00bb theme_builder_area=\u00bbpost_content\u00bb sticky_enabled=\u00bb0&#8243;][\/et_pb_divider][et_pb_text _builder_version=\u00bb4.17.3&#8243; header_font=\u00bbOswald|||on|||||\u00bb header_text_align=\u00bbcenter\u00bb header_text_color=\u00bb#000000&#8243; header_font_size=\u00bb20px\u00bb header_line_height=\u00bb1.4em\u00bb header_2_font=\u00bbOswald|800|||||||\u00bb header_2_text_align=\u00bbcenter\u00bb header_2_text_color=\u00bb#2F3241&#8243; header_2_font_size=\u00bb22px\u00bb header_2_line_height=\u00bb1.6em\u00bb header_3_font=\u00bbMontserrat|800|||||||\u00bb header_3_text_align=\u00bbleft\u00bb header_3_text_color=\u00bb#2F3241&#8243; header_3_font_size=\u00bb35px\u00bb header_3_line_height=\u00bb1.4em\u00bb header_4_font=\u00bbMontserrat|800|||||||\u00bb header_4_text_align=\u00bbleft\u00bb header_4_text_color=\u00bb#2F3241&#8243; header_4_font_size=\u00bb35px\u00bb header_4_line_height=\u00bb1.4em\u00bb header_5_font=\u00bbMontserrat|800|||||||\u00bb header_5_text_align=\u00bbleft\u00bb header_5_text_color=\u00bb#2F3241&#8243; header_5_font_size=\u00bb35px\u00bb header_5_line_height=\u00bb1.4em\u00bb header_6_font=\u00bbMontserrat|800|||||||\u00bb header_6_text_align=\u00bbleft\u00bb header_6_text_color=\u00bb#2F3241&#8243; header_6_font_size=\u00bb35px\u00bb header_6_line_height=\u00bb1.4em\u00bb custom_margin=\u00bb-30px|||\u00bb hover_enabled=\u00bb0&#8243; global_colors_info=\u00bb{}\u00bb locked=\u00bboff\u00bb theme_builder_area=\u00bbpost_content\u00bb sticky_enabled=\u00bb0&#8243;]<\/p>\n<h2>Clientes de<br \/>\ndiferentes paises<\/h2>\n<p>[\/et_pb_text][\/et_pb_column][\/et_pb_row][\/et_pb_section][et_pb_section fb_built=\u00bb1&#8243; theme_builder_area=\u00bbpost_content\u00bb _builder_version=\u00bb4.17.3&#8243; _module_preset=\u00bbdefault\u00bb title_text=\u00bbfooter\u00bb background_image=\u00bbhttps:\/\/skymill.ee\/wp-content\/uploads\/2022\/05\/footer.jpg\u00bb hover_enabled=\u00bb0&#8243; sticky_enabled=\u00bb0&#8243; custom_padding=\u00bb35px||35px||true|false\u00bb][\/et_pb_section][et_pb_section fb_built=\u00bb1&#8243; theme_builder_area=\u00bbpost_content\u00bb _builder_version=\u00bb4.17.3&#8243; _module_preset=\u00bbdefault\u00bb custom_padding=\u00bb35px||35px||true|\u00bb][et_pb_row _builder_version=\u00bb4.17.3&#8243; _module_preset=\u00bbdefault\u00bb theme_builder_area=\u00bbpost_content\u00bb column_structure=\u00bb1_3,2_3&#8243; use_custom_gutter=\u00bbon\u00bb gutter_width=\u00bb2&#8243; make_equal=\u00bbon\u00bb width=\u00bb90%\u00bb width_tablet=\u00bb90%\u00bb width_phone=\u00bb90%\u00bb width_last_edited=\u00bbon|tablet\u00bb max_width=\u00bb80%\u00bb max_width_tablet=\u00bb500px\u00bb max_width_phone=\u00bb90%\u00bb max_width_last_edited=\u00bbon|desktop\u00bb custom_padding=\u00bb0px||0px||true|false\u00bb][et_pb_column _builder_version=\u00bb4.17.3&#8243; _module_preset=\u00bbdefault\u00bb type=\u00bb1_3&#8243; theme_builder_area=\u00bbpost_content\u00bb][et_pb_image src=\u00bbhttps:\/\/skymill.ee\/wp-content\/uploads\/2022\/05\/stack-timbers-textured-background-1-1.jpg\u00bb _builder_version=\u00bb4.17.3&#8243; _module_preset=\u00bbdefault\u00bb title_text=\u00bbstack-timbers-textured-background (1) (1)\u00bb hover_enabled=\u00bb0&#8243; sticky_enabled=\u00bb0&#8243; theme_builder_area=\u00bbpost_content\u00bb border_radii=\u00bbon|10px|10px|10px|10px\u00bb][\/et_pb_image][\/et_pb_column][et_pb_column _builder_version=\u00bb4.17.3&#8243; _module_preset=\u00bbdefault\u00bb type=\u00bb2_3&#8243; theme_builder_area=\u00bbpost_content\u00bb][et_pb_text _builder_version=\u00bb4.17.3&#8243; text_font=\u00bbRajdhani||||||||\u00bb text_text_color=\u00bb#000000&#8243; text_font_size=\u00bb20px\u00bb text_line_height=\u00bb32px\u00bb header_font=\u00bbOswald|700|||||||\u00bb header_text_color=\u00bb#297FCA\u00bb header_line_height=\u00bb1.2em\u00bb header_2_font=\u00bbOswald|||on|||||\u00bb custom_padding=\u00bb25px|||\u00bb global_colors_info=\u00bb{}\u00bb theme_builder_area=\u00bbpost_content\u00bb]<\/p>\n<h2>C\u00f3mo lo hacemos<\/h2>\n<p>Prestamos gran atenci\u00f3n a la calidad y los tiempos de entrega. Ofrecemos un enfoque personal a cada cliente y en colaboraci\u00f3n con el cliente encontramos soluciones adecuadas hasta a los problemas m\u00e1s desafiantes, ya sea una soluci\u00f3n t\u00e9cnica o una cuesti\u00f3n de transporte m\u00e1s complicada. Fabricamos para usted exactamente la casa que desea. \u00a1Todos los proyectos y soluciones especiales son bienvenidos![\/et_pb_text][\/et_pb_column][\/et_pb_row][\/et_pb_section][et_pb_section fb_built=\u00bb1&#8243; theme_builder_area=\u00bbpost_content\u00bb _builder_version=\u00bb4.17.3&#8243; _module_preset=\u00bbdefault\u00bb custom_padding=\u00bb35px||35px||true|\u00bb][et_pb_row _builder_version=\u00bb4.17.3&#8243; _module_preset=\u00bbdefault\u00bb theme_builder_area=\u00bbpost_content\u00bb column_structure=\u00bb1_3,2_3&#8243; use_custom_gutter=\u00bbon\u00bb gutter_width=\u00bb2&#8243; make_equal=\u00bbon\u00bb width=\u00bb90%\u00bb width_tablet=\u00bb90%\u00bb width_phone=\u00bb90%\u00bb width_last_edited=\u00bbon|tablet\u00bb max_width=\u00bb80%\u00bb max_width_tablet=\u00bb500px\u00bb max_width_phone=\u00bb90%\u00bb max_width_last_edited=\u00bbon|desktop\u00bb custom_padding=\u00bb0px||0px||true|false\u00bb][et_pb_column _builder_version=\u00bb4.17.3&#8243; _module_preset=\u00bbdefault\u00bb type=\u00bb1_3&#8243; theme_builder_area=\u00bbpost_content\u00bb][et_pb_image src=\u00bbhttps:\/\/skymill.ee\/wp-content\/uploads\/2022\/05\/about.png\u00bb _builder_version=\u00bb4.17.3&#8243; _module_preset=\u00bbdefault\u00bb title_text=\u00bbabout\u00bb sticky_enabled=\u00bb0&#8243; theme_builder_area=\u00bbpost_content\u00bb border_radii=\u00bbon|10px|10px|10px|10px\u00bb][\/et_pb_image][\/et_pb_column][et_pb_column _builder_version=\u00bb4.17.3&#8243; _module_preset=\u00bbdefault\u00bb type=\u00bb2_3&#8243; theme_builder_area=\u00bbpost_content\u00bb][et_pb_text _builder_version=\u00bb4.17.3&#8243; text_font=\u00bbRajdhani||||||||\u00bb text_text_color=\u00bb#000000&#8243; text_font_size=\u00bb20px\u00bb text_line_height=\u00bb32px\u00bb header_font=\u00bbOswald|700|||||||\u00bb header_text_color=\u00bb#297FCA\u00bb header_line_height=\u00bb1.2em\u00bb header_2_font=\u00bbOswald|||on|||||\u00bb custom_padding=\u00bb25px|||\u00bb hover_enabled=\u00bb0&#8243; global_colors_info=\u00bb{}\u00bb theme_builder_area=\u00bbpost_content\u00bb sticky_enabled=\u00bb0&#8243;]<\/p>\n<h2>Colaboraci\u00f3n<\/h2>\n<p>En colaboraci\u00f3n con socios fiables en el \u00e1mbito del transporte podemos proporcionar el transporte mar\u00edtimo y terrestre, y soluciones completas de transporte en todo el mundo. Arliten O\u00dc es miembro de la C\u00e1mara de Comercio e Industria de Estonia.[\/et_pb_text][\/et_pb_column][\/et_pb_row][\/et_pb_section]<\/p>\n","protected":false},"excerpt":{"rendered":"<p>Ofrecemos un enfoque personal a cada clienteArliten O\u00dc presa privada establecida en 2003 que se dedica a la venta y exportaci\u00f3n de casas de madera y productos de madera con la marca The Skymill. Tenemos casi 25 a\u00f1os de experiencia en la producci\u00f3n y venta de edificios de vigas laminadas. Cada continente cuenta con una [&hellip;]<\/p>\n","protected":false},"author":1,"featured_media":0,"parent":0,"menu_order":0,"comment_status":"closed","ping_status":"closed","template":"","meta":{"_et_pb_use_builder":"on","_et_pb_old_content":"","_et_gb_content_width":"","footnotes":""},"class_list":["post-1729","page","type-page","status-publish","hentry"],"_links":{"self":[{"href":"https:\/\/skymill.ee\/es\/wp-json\/wp\/v2\/pages\/1729","targetHints":{"allow":["GET"]}}],"collection":[{"href":"https:\/\/skymill.ee\/es\/wp-json\/wp\/v2\/pages"}],"about":[{"href":"https:\/\/skymill.ee\/es\/wp-json\/wp\/v2\/types\/page"}],"author":[{"embeddable":true,"href":"https:\/\/skymill.ee\/es\/wp-json\/wp\/v2\/users\/1"}],"replies":[{"embeddable":true,"href":"https:\/\/skymill.ee\/es\/wp-json\/wp\/v2\/comments?post=1729"}],"version-history":[{"count":2,"href":"https:\/\/skymill.ee\/es\/wp-json\/wp\/v2\/pages\/1729\/revisions"}],"predecessor-version":[{"id":1731,"href":"https:\/\/skymill.ee\/es\/wp-json\/wp\/v2\/pages\/1729\/revisions\/1731"}],"wp:attachment":[{"href":"https:\/\/skymill.ee\/es\/wp-json\/wp\/v2\/media?parent=1729"}],"curies":[{"name":"wp","href":"https:\/\/api.w.org\/{rel}","templated":true}]}}