{"id":2348,"date":"2022-05-30T05:09:02","date_gmt":"2022-05-30T05:09:02","guid":{"rendered":"https:\/\/skymill.ee\/ueber-uns\/"},"modified":"2022-08-05T07:34:01","modified_gmt":"2022-08-05T07:34:01","slug":"ueber-uns","status":"publish","type":"page","link":"https:\/\/skymill.ee\/de\/ueber-uns\/","title":{"rendered":"\u00dcber uns"},"content":{"rendered":"<p>[et_pb_section fb_built=&#8220;1&#8243; _builder_version=&#8220;4.17.3&#8243; background_color=&#8220;#297FCA&#8220; use_background_color_gradient=&#8220;on&#8220; background_color_gradient_stops=&#8220;rgba(224,153,0,0.21) 0%|rgba(33,124,0,0.17) 100%&#8220; background_color_gradient_overlays_image=&#8220;on&#8220; background_image=&#8220;https:\/\/skymill.ee\/wp-content\/uploads\/2022\/05\/page-header.jpg&#8220; custom_padding=&#8220;140px||140px||true|false&#8220; hover_enabled=&#8220;0&#8243; saved_tabs=&#8220;all&#8220; global_colors_info=&#8220;{}&#8220; bottom_divider_style=&#8220;wave2&#8243; bottom_divider_height=&#8220;50px&#8220; sticky_enabled=&#8220;0&#8243; background_enable_pattern_style=&#8220;on&#8220; background_pattern_style=&#8220;diagonal-stripes-2&#8243; background_pattern_color=&#8220;rgba(0,0,0,0.03)&#8220; next_background_color=&#8220;#ffffff&#8220;][et_pb_row _builder_version=&#8220;4.17.3&#8243; _module_preset=&#8220;default&#8220;][et_pb_column _builder_version=&#8220;4.17.3&#8243; _module_preset=&#8220;default&#8220; type=&#8220;4_4&#8243;][et_pb_post_title _builder_version=&#8220;4.17.3&#8243; _module_preset=&#8220;default&#8220; meta=&#8220;off&#8220; featured_image=&#8220;off&#8220; hover_enabled=&#8220;0&#8243; sticky_enabled=&#8220;0&#8243; title_font=&#8220;Oswald|||on|||||&#8220; title_text_color=&#8220;#FFFFFF&#8220; title_font_size=&#8220;80px&#8220; title_text_align=&#8220;center&#8220;][\/et_pb_post_title][\/et_pb_column][\/et_pb_row][\/et_pb_section][et_pb_section fb_built=&#8220;1&#8243; theme_builder_area=&#8220;post_content&#8220; _builder_version=&#8220;4.17.3&#8243; _module_preset=&#8220;default&#8220; custom_padding=&#8220;35px||35px||true|&#8220;][et_pb_row _builder_version=&#8220;4.17.3&#8243; _module_preset=&#8220;default&#8220; theme_builder_area=&#8220;post_content&#8220; column_structure=&#8220;1_2,1_2&#8243;][et_pb_column _builder_version=&#8220;4.17.3&#8243; _module_preset=&#8220;default&#8220; type=&#8220;1_2&#8243; theme_builder_area=&#8220;post_content&#8220;][et_pb_text _builder_version=&#8220;4.17.3&#8243; header_3_font=&#8220;Oswald|||on|||||&#8220; header_3_text_align=&#8220;left&#8220; header_3_text_color=&#8220;#221f18&#8243; header_3_font_size=&#8220;42px&#8220; header_3_line_height=&#8220;1.2em&#8220; global_colors_info=&#8220;{}&#8220; sticky_enabled=&#8220;0&#8243; header_3_font_size_phone=&#8220;40px&#8220; header_3_font_size_last_edited=&#8220;on|phone&#8220; custom_margin=&#8220;-5px||2px||false|false&#8220; custom_margin_tablet=&#8220;-15px||||false|false&#8220; custom_margin_phone=&#8220;-15px||||false|false&#8220; custom_margin_last_edited=&#8220;on|phone&#8220; hover_enabled=&#8220;0&#8243; theme_builder_area=&#8220;post_content&#8220; min_height=&#8220;124.8px&#8220; header_3_font_size_tablet=&#8220;42px&#8220;]<\/p>\n<h3>Wir betreuen jeden Kunden individuell<\/h3>\n<p>[\/et_pb_text][et_pb_text _builder_version=&#8220;4.17.3&#8243; text_font=&#8220;Rajdhani||||||||&#8220; text_text_color=&#8220;#000000&#8243; text_font_size=&#8220;20px&#8220; text_line_height=&#8220;1.6em&#8220; global_colors_info=&#8220;{}&#8220; theme_builder_area=&#8220;post_content&#8220; hover_enabled=&#8220;0&#8243; sticky_enabled=&#8220;0&#8243;]Arliten O\u00dc, gegr\u00fcndet im Jahr 2003 ist ein Privatunternehmen, das unter dem Warenzeichen The Skymill Holzh\u00e4user und Holzprodukte verkauft und exportiert.<\/p>\n<p>Wir haben fast 25 Jahre Erfahrung in der Herstellung und dem Verkauf von Blockbohlenbauten. Unsere Garten-, Sommer- oder Wohnh\u00e4user befinden sich auf allen Kontinenten der Erde.[\/et_pb_text][\/et_pb_column][et_pb_column _builder_version=&#8220;4.17.3&#8243; _module_preset=&#8220;default&#8220; type=&#8220;1_2&#8243; theme_builder_area=&#8220;post_content&#8220;][et_pb_cta title=&#8220;Arliten O\u00dc ist Mitglied der Estnischen Handels- und Industriekammer.&#8220; button_text=&#8220;Hier klicken&#8220; _builder_version=&#8220;4.17.3&#8243; _module_preset=&#8220;default&#8220; header_font=&#8220;Oswald|||on|||||&#8220; header_line_height=&#8220;1.4em&#8220; use_background_color_gradient=&#8220;on&#8220; background_color_gradient_stops=&#8220;rgba(0,0,0,0.26) 0%|rgba(0,0,0,0.39) 99%&#8220; background_color_gradient_overlays_image=&#8220;on&#8220; background_image=&#8220;https:\/\/skymill.ee\/wp-content\/uploads\/2022\/05\/beautiful-shot-forest-with-tall-trees-bright-sun-rays-shining-2.jpg&#8220; custom_margin=&#8220;2px|||||&#8220; custom_padding=&#8220;||107px|||&#8220; hover_enabled=&#8220;0&#8243; global_colors_info=&#8220;{}&#8220; sticky_enabled=&#8220;0&#8243; border_radii=&#8220;on|10px|10px|10px|10px&#8220; theme_builder_area=&#8220;post_content&#8220;]<\/p>\n<p><img loading=\"lazy\" decoding=\"async\" src=\"https:\/\/skymill.ee\/wp-content\/uploads\/2022\/05\/KODA_liige_ENG_logo_horiz-1920x640-1-300x100.png\" width=\"264\" height=\"88\" alt=\"\" class=\"wp-image-139 alignnone size-medium\" \/><\/p>\n<p>[\/et_pb_cta][\/et_pb_column][\/et_pb_row][\/et_pb_section][et_pb_section fb_built=&#8220;1&#8243; theme_builder_area=&#8220;post_content&#8220; _builder_version=&#8220;4.17.3&#8243; _module_preset=&#8220;default&#8220; custom_padding=&#8220;35px||35px||true|&#8220;][et_pb_row _builder_version=&#8220;4.17.3&#8243; _module_preset=&#8220;default&#8220; theme_builder_area=&#8220;post_content&#8220; column_structure=&#8220;1_3,1_3,1_3&#8243; sticky_enabled=&#8220;0&#8243; use_custom_gutter=&#8220;on&#8220; gutter_width=&#8220;2&#8243; make_equal=&#8220;on&#8220; width=&#8220;90%&#8220; width_tablet=&#8220;90%&#8220; width_phone=&#8220;90%&#8220; width_last_edited=&#8220;on|tablet&#8220; max_width=&#8220;80%&#8220; max_width_tablet=&#8220;500px&#8220; max_width_phone=&#8220;90%&#8220; max_width_last_edited=&#8220;on|desktop&#8220; custom_padding=&#8220;0px||0px||true|false&#8220;][et_pb_column _builder_version=&#8220;4.17.3&#8243; _module_preset=&#8220;default&#8220; type=&#8220;1_3&#8243; theme_builder_area=&#8220;post_content&#8220;][et_pb_text _builder_version=&#8220;4.17.3&#8243; header_font=&#8220;Oswald||||||||&#8220; header_text_align=&#8220;center&#8220; header_text_color=&#8220;#000000&#8243; header_font_size=&#8220;60px&#8220; header_line_height=&#8220;1.4em&#8220; header_2_font=&#8220;Montserrat|800|||||||&#8220; header_2_text_align=&#8220;left&#8220; header_2_text_color=&#8220;#2F3241&#8243; header_2_font_size=&#8220;35px&#8220; header_2_line_height=&#8220;1.4em&#8220; header_3_font=&#8220;Montserrat|800|||||||&#8220; header_3_text_align=&#8220;left&#8220; header_3_text_color=&#8220;#2F3241&#8243; header_3_font_size=&#8220;35px&#8220; header_3_line_height=&#8220;1.4em&#8220; header_4_font=&#8220;Montserrat|800|||||||&#8220; header_4_text_align=&#8220;left&#8220; header_4_text_color=&#8220;#2F3241&#8243; header_4_font_size=&#8220;35px&#8220; header_4_line_height=&#8220;1.4em&#8220; header_5_font=&#8220;Montserrat|800|||||||&#8220; header_5_text_align=&#8220;left&#8220; header_5_text_color=&#8220;#2F3241&#8243; header_5_font_size=&#8220;35px&#8220; header_5_line_height=&#8220;1.4em&#8220; header_6_font=&#8220;Montserrat|800|||||||&#8220; header_6_text_align=&#8220;left&#8220; header_6_text_color=&#8220;#2F3241&#8243; header_6_font_size=&#8220;35px&#8220; header_6_line_height=&#8220;1.4em&#8220; hover_enabled=&#8220;0&#8243; global_colors_info=&#8220;{}&#8220; locked=&#8220;off&#8220; theme_builder_area=&#8220;post_content&#8220; sticky_enabled=&#8220;0&#8243; custom_margin=&#8220;||1px|||&#8220;]<\/p>\n<h1>25+<\/h1>\n<p>[\/et_pb_text][et_pb_divider color=&#8220;#299350&#8243; divider_weight=&#8220;3px&#8220; _builder_version=&#8220;4.17.3&#8243; max_width=&#8220;30%&#8220; module_alignment=&#8220;center&#8220; hover_enabled=&#8220;0&#8243; global_colors_info=&#8220;{}&#8220; locked=&#8220;off&#8220; theme_builder_area=&#8220;post_content&#8220; sticky_enabled=&#8220;0&#8243;][\/et_pb_divider][et_pb_text _builder_version=&#8220;4.17.3&#8243; header_font=&#8220;Oswald|||on|||||&#8220; header_text_align=&#8220;center&#8220; header_text_color=&#8220;#000000&#8243; header_font_size=&#8220;20px&#8220; header_line_height=&#8220;1.4em&#8220; header_2_font=&#8220;Oswald|800|||||||&#8220; header_2_text_align=&#8220;center&#8220; header_2_text_color=&#8220;#2F3241&#8243; header_2_font_size=&#8220;22px&#8220; header_2_line_height=&#8220;1.6em&#8220; header_3_font=&#8220;Montserrat|800|||||||&#8220; header_3_text_align=&#8220;left&#8220; header_3_text_color=&#8220;#2F3241&#8243; header_3_font_size=&#8220;35px&#8220; header_3_line_height=&#8220;1.4em&#8220; header_4_font=&#8220;Montserrat|800|||||||&#8220; header_4_text_align=&#8220;left&#8220; header_4_text_color=&#8220;#2F3241&#8243; header_4_font_size=&#8220;35px&#8220; header_4_line_height=&#8220;1.4em&#8220; header_5_font=&#8220;Montserrat|800|||||||&#8220; header_5_text_align=&#8220;left&#8220; header_5_text_color=&#8220;#2F3241&#8243; header_5_font_size=&#8220;35px&#8220; header_5_line_height=&#8220;1.4em&#8220; header_6_font=&#8220;Montserrat|800|||||||&#8220; header_6_text_align=&#8220;left&#8220; header_6_text_color=&#8220;#2F3241&#8243; header_6_font_size=&#8220;35px&#8220; header_6_line_height=&#8220;1.4em&#8220; custom_margin=&#8220;-30px|||&#8220; hover_enabled=&#8220;0&#8243; global_colors_info=&#8220;{}&#8220; locked=&#8220;off&#8220; theme_builder_area=&#8220;post_content&#8220; sticky_enabled=&#8220;0&#8243;]<\/p>\n<h2>Jahre Erfahrung in der Herstellung und dem Verkauf<\/h2>\n<p>[\/et_pb_text][\/et_pb_column][et_pb_column _builder_version=&#8220;4.17.3&#8243; _module_preset=&#8220;default&#8220; type=&#8220;1_3&#8243; theme_builder_area=&#8220;post_content&#8220;][et_pb_text _builder_version=&#8220;4.17.3&#8243; header_font=&#8220;Oswald||||||||&#8220; header_text_align=&#8220;center&#8220; header_text_color=&#8220;#000000&#8243; header_font_size=&#8220;60px&#8220; header_line_height=&#8220;1.4em&#8220; header_2_font=&#8220;Montserrat|800|||||||&#8220; header_2_text_align=&#8220;left&#8220; header_2_text_color=&#8220;#2F3241&#8243; header_2_font_size=&#8220;35px&#8220; header_2_line_height=&#8220;1.4em&#8220; header_3_font=&#8220;Montserrat|800|||||||&#8220; header_3_text_align=&#8220;left&#8220; header_3_text_color=&#8220;#2F3241&#8243; header_3_font_size=&#8220;35px&#8220; header_3_line_height=&#8220;1.4em&#8220; header_4_font=&#8220;Montserrat|800|||||||&#8220; header_4_text_align=&#8220;left&#8220; header_4_text_color=&#8220;#2F3241&#8243; header_4_font_size=&#8220;35px&#8220; header_4_line_height=&#8220;1.4em&#8220; header_5_font=&#8220;Montserrat|800|||||||&#8220; header_5_text_align=&#8220;left&#8220; header_5_text_color=&#8220;#2F3241&#8243; header_5_font_size=&#8220;35px&#8220; header_5_line_height=&#8220;1.4em&#8220; header_6_font=&#8220;Montserrat|800|||||||&#8220; header_6_text_align=&#8220;left&#8220; header_6_text_color=&#8220;#2F3241&#8243; header_6_font_size=&#8220;35px&#8220; header_6_line_height=&#8220;1.4em&#8220; hover_enabled=&#8220;0&#8243; global_colors_info=&#8220;{}&#8220; locked=&#8220;off&#8220; theme_builder_area=&#8220;post_content&#8220; sticky_enabled=&#8220;0&#8243; custom_margin=&#8220;||1px|||&#8220;]<\/p>\n<h1>100+<\/h1>\n<p>[\/et_pb_text][et_pb_divider color=&#8220;#299350&#8243; divider_weight=&#8220;3px&#8220; _builder_version=&#8220;4.17.3&#8243; max_width=&#8220;30%&#8220; module_alignment=&#8220;center&#8220; hover_enabled=&#8220;0&#8243; global_colors_info=&#8220;{}&#8220; locked=&#8220;off&#8220; theme_builder_area=&#8220;post_content&#8220; sticky_enabled=&#8220;0&#8243;][\/et_pb_divider][et_pb_text _builder_version=&#8220;4.17.3&#8243; header_font=&#8220;Oswald|||on|||||&#8220; header_text_align=&#8220;center&#8220; header_text_color=&#8220;#000000&#8243; header_font_size=&#8220;20px&#8220; header_line_height=&#8220;1.4em&#8220; header_2_font=&#8220;Oswald|800|||||||&#8220; header_2_text_align=&#8220;center&#8220; header_2_text_color=&#8220;#2F3241&#8243; header_2_font_size=&#8220;22px&#8220; header_2_line_height=&#8220;1.6em&#8220; header_3_font=&#8220;Montserrat|800|||||||&#8220; header_3_text_align=&#8220;left&#8220; header_3_text_color=&#8220;#2F3241&#8243; header_3_font_size=&#8220;35px&#8220; header_3_line_height=&#8220;1.4em&#8220; header_4_font=&#8220;Montserrat|800|||||||&#8220; header_4_text_align=&#8220;left&#8220; header_4_text_color=&#8220;#2F3241&#8243; header_4_font_size=&#8220;35px&#8220; header_4_line_height=&#8220;1.4em&#8220; header_5_font=&#8220;Montserrat|800|||||||&#8220; header_5_text_align=&#8220;left&#8220; header_5_text_color=&#8220;#2F3241&#8243; header_5_font_size=&#8220;35px&#8220; header_5_line_height=&#8220;1.4em&#8220; header_6_font=&#8220;Montserrat|800|||||||&#8220; header_6_text_align=&#8220;left&#8220; header_6_text_color=&#8220;#2F3241&#8243; header_6_font_size=&#8220;35px&#8220; header_6_line_height=&#8220;1.4em&#8220; custom_margin=&#8220;-30px|||&#8220; hover_enabled=&#8220;0&#8243; global_colors_info=&#8220;{}&#8220; locked=&#8220;off&#8220; theme_builder_area=&#8220;post_content&#8220; sticky_enabled=&#8220;0&#8243;]<\/p>\n<h2>Mehr als 100<br \/>\nfertige Projekte<\/h2>\n<p>[\/et_pb_text][\/et_pb_column][et_pb_column _builder_version=&#8220;4.17.3&#8243; _module_preset=&#8220;default&#8220; type=&#8220;1_3&#8243; theme_builder_area=&#8220;post_content&#8220;][et_pb_text _builder_version=&#8220;4.17.3&#8243; header_font=&#8220;Oswald||||||||&#8220; header_text_align=&#8220;center&#8220; header_text_color=&#8220;#000000&#8243; header_font_size=&#8220;60px&#8220; header_line_height=&#8220;1.4em&#8220; header_2_font=&#8220;Montserrat|800|||||||&#8220; header_2_text_align=&#8220;left&#8220; header_2_text_color=&#8220;#2F3241&#8243; header_2_font_size=&#8220;35px&#8220; header_2_line_height=&#8220;1.4em&#8220; header_3_font=&#8220;Montserrat|800|||||||&#8220; header_3_text_align=&#8220;left&#8220; header_3_text_color=&#8220;#2F3241&#8243; header_3_font_size=&#8220;35px&#8220; header_3_line_height=&#8220;1.4em&#8220; header_4_font=&#8220;Montserrat|800|||||||&#8220; header_4_text_align=&#8220;left&#8220; header_4_text_color=&#8220;#2F3241&#8243; header_4_font_size=&#8220;35px&#8220; header_4_line_height=&#8220;1.4em&#8220; header_5_font=&#8220;Montserrat|800|||||||&#8220; header_5_text_align=&#8220;left&#8220; header_5_text_color=&#8220;#2F3241&#8243; header_5_font_size=&#8220;35px&#8220; header_5_line_height=&#8220;1.4em&#8220; header_6_font=&#8220;Montserrat|800|||||||&#8220; header_6_text_align=&#8220;left&#8220; header_6_text_color=&#8220;#2F3241&#8243; header_6_font_size=&#8220;35px&#8220; header_6_line_height=&#8220;1.4em&#8220; hover_enabled=&#8220;0&#8243; global_colors_info=&#8220;{}&#8220; locked=&#8220;off&#8220; theme_builder_area=&#8220;post_content&#8220; sticky_enabled=&#8220;0&#8243; custom_margin=&#8220;||1px|||&#8220;]<\/p>\n<h1>12+<\/h1>\n<p>[\/et_pb_text][et_pb_divider color=&#8220;#299350&#8243; divider_weight=&#8220;3px&#8220; _builder_version=&#8220;4.17.3&#8243; max_width=&#8220;30%&#8220; module_alignment=&#8220;center&#8220; hover_enabled=&#8220;0&#8243; global_colors_info=&#8220;{}&#8220; locked=&#8220;off&#8220; theme_builder_area=&#8220;post_content&#8220; sticky_enabled=&#8220;0&#8243;][\/et_pb_divider][et_pb_text _builder_version=&#8220;4.17.3&#8243; header_font=&#8220;Oswald|||on|||||&#8220; header_text_align=&#8220;center&#8220; header_text_color=&#8220;#000000&#8243; header_font_size=&#8220;20px&#8220; header_line_height=&#8220;1.4em&#8220; header_2_font=&#8220;Oswald|800|||||||&#8220; header_2_text_align=&#8220;center&#8220; header_2_text_color=&#8220;#2F3241&#8243; header_2_font_size=&#8220;22px&#8220; header_2_line_height=&#8220;1.6em&#8220; header_3_font=&#8220;Montserrat|800|||||||&#8220; header_3_text_align=&#8220;left&#8220; header_3_text_color=&#8220;#2F3241&#8243; header_3_font_size=&#8220;35px&#8220; header_3_line_height=&#8220;1.4em&#8220; header_4_font=&#8220;Montserrat|800|||||||&#8220; header_4_text_align=&#8220;left&#8220; header_4_text_color=&#8220;#2F3241&#8243; header_4_font_size=&#8220;35px&#8220; header_4_line_height=&#8220;1.4em&#8220; header_5_font=&#8220;Montserrat|800|||||||&#8220; header_5_text_align=&#8220;left&#8220; header_5_text_color=&#8220;#2F3241&#8243; header_5_font_size=&#8220;35px&#8220; header_5_line_height=&#8220;1.4em&#8220; header_6_font=&#8220;Montserrat|800|||||||&#8220; header_6_text_align=&#8220;left&#8220; header_6_text_color=&#8220;#2F3241&#8243; header_6_font_size=&#8220;35px&#8220; header_6_line_height=&#8220;1.4em&#8220; custom_margin=&#8220;-30px|||&#8220; hover_enabled=&#8220;0&#8243; global_colors_info=&#8220;{}&#8220; locked=&#8220;off&#8220; theme_builder_area=&#8220;post_content&#8220; sticky_enabled=&#8220;0&#8243;]<\/p>\n<h2>Kunden aus<br \/>\nverschiedene L\u00e4nder<\/h2>\n<p>[\/et_pb_text][\/et_pb_column][\/et_pb_row][\/et_pb_section][et_pb_section fb_built=&#8220;1&#8243; theme_builder_area=&#8220;post_content&#8220; _builder_version=&#8220;4.17.3&#8243; _module_preset=&#8220;default&#8220; title_text=&#8220;footer&#8220; background_image=&#8220;https:\/\/skymill.ee\/wp-content\/uploads\/2022\/05\/footer.jpg&#8220; hover_enabled=&#8220;0&#8243; sticky_enabled=&#8220;0&#8243; custom_padding=&#8220;35px||35px||true|false&#8220;][\/et_pb_section][et_pb_section fb_built=&#8220;1&#8243; theme_builder_area=&#8220;post_content&#8220; _builder_version=&#8220;4.17.3&#8243; _module_preset=&#8220;default&#8220; custom_padding=&#8220;35px||35px||true|&#8220;][et_pb_row _builder_version=&#8220;4.17.3&#8243; _module_preset=&#8220;default&#8220; theme_builder_area=&#8220;post_content&#8220; column_structure=&#8220;1_3,2_3&#8243; use_custom_gutter=&#8220;on&#8220; gutter_width=&#8220;2&#8243; make_equal=&#8220;on&#8220; width=&#8220;90%&#8220; width_tablet=&#8220;90%&#8220; width_phone=&#8220;90%&#8220; width_last_edited=&#8220;on|tablet&#8220; max_width=&#8220;80%&#8220; max_width_tablet=&#8220;500px&#8220; max_width_phone=&#8220;90%&#8220; max_width_last_edited=&#8220;on|desktop&#8220; custom_padding=&#8220;0px||0px||true|false&#8220;][et_pb_column _builder_version=&#8220;4.17.3&#8243; _module_preset=&#8220;default&#8220; type=&#8220;1_3&#8243; theme_builder_area=&#8220;post_content&#8220;][et_pb_image src=&#8220;https:\/\/skymill.ee\/wp-content\/uploads\/2022\/05\/stack-timbers-textured-background-1-1.jpg&#8220; _builder_version=&#8220;4.17.3&#8243; _module_preset=&#8220;default&#8220; title_text=&#8220;stack-timbers-textured-background (1) (1)&#8220; hover_enabled=&#8220;0&#8243; sticky_enabled=&#8220;0&#8243; theme_builder_area=&#8220;post_content&#8220; border_radii=&#8220;on|10px|10px|10px|10px&#8220;][\/et_pb_image][\/et_pb_column][et_pb_column _builder_version=&#8220;4.17.3&#8243; _module_preset=&#8220;default&#8220; type=&#8220;2_3&#8243; theme_builder_area=&#8220;post_content&#8220;][et_pb_text _builder_version=&#8220;4.17.3&#8243; text_font=&#8220;Rajdhani||||||||&#8220; text_text_color=&#8220;#000000&#8243; text_font_size=&#8220;20px&#8220; text_line_height=&#8220;32px&#8220; header_font=&#8220;Oswald|700|||||||&#8220; header_text_color=&#8220;#297FCA&#8220; header_line_height=&#8220;1.2em&#8220; header_2_font=&#8220;Oswald|||on|||||&#8220; custom_padding=&#8220;25px|||&#8220; global_colors_info=&#8220;{}&#8220; theme_builder_area=&#8220;post_content&#8220;]<\/p>\n<h2>Wie machen wir es<\/h2>\n<p>Wir legen gro\u00dfen Wert auf Qualit\u00e4t und halten Lieferzeiten ein. Wir betreuen jeden Kunden individuell und in Zusammenarbeit finden wir passende L\u00f6sungen auch in den schwierigsten Fragen, sei es eine technische L\u00f6sung oder ein kompliziertes Transportproblem. Wir bauen Ihnen ein Haus, das genau f\u00fcr Sie ma\u00dfgeschneidert ist. Alle Sonderprojekte und Sonderl\u00f6sungen sind willkommen![\/et_pb_text][\/et_pb_column][\/et_pb_row][\/et_pb_section][et_pb_section fb_built=&#8220;1&#8243; theme_builder_area=&#8220;post_content&#8220; _builder_version=&#8220;4.17.3&#8243; _module_preset=&#8220;default&#8220; custom_padding=&#8220;35px||35px||true|&#8220;][et_pb_row _builder_version=&#8220;4.17.3&#8243; _module_preset=&#8220;default&#8220; theme_builder_area=&#8220;post_content&#8220; column_structure=&#8220;1_3,2_3&#8243; use_custom_gutter=&#8220;on&#8220; gutter_width=&#8220;2&#8243; make_equal=&#8220;on&#8220; width=&#8220;90%&#8220; width_tablet=&#8220;90%&#8220; width_phone=&#8220;90%&#8220; width_last_edited=&#8220;on|tablet&#8220; max_width=&#8220;80%&#8220; max_width_tablet=&#8220;500px&#8220; max_width_phone=&#8220;90%&#8220; max_width_last_edited=&#8220;on|desktop&#8220; custom_padding=&#8220;0px||0px||true|false&#8220;][et_pb_column _builder_version=&#8220;4.17.3&#8243; _module_preset=&#8220;default&#8220; type=&#8220;1_3&#8243; theme_builder_area=&#8220;post_content&#8220;][et_pb_image src=&#8220;https:\/\/skymill.ee\/wp-content\/uploads\/2022\/05\/about.png&#8220; _builder_version=&#8220;4.17.3&#8243; _module_preset=&#8220;default&#8220; title_text=&#8220;about&#8220; sticky_enabled=&#8220;0&#8243; theme_builder_area=&#8220;post_content&#8220; border_radii=&#8220;on|10px|10px|10px|10px&#8220;][\/et_pb_image][\/et_pb_column][et_pb_column _builder_version=&#8220;4.17.3&#8243; _module_preset=&#8220;default&#8220; type=&#8220;2_3&#8243; theme_builder_area=&#8220;post_content&#8220;][et_pb_text _builder_version=&#8220;4.17.3&#8243; text_font=&#8220;Rajdhani||||||||&#8220; text_text_color=&#8220;#000000&#8243; text_font_size=&#8220;20px&#8220; text_line_height=&#8220;32px&#8220; header_font=&#8220;Oswald|700|||||||&#8220; header_text_color=&#8220;#297FCA&#8220; header_line_height=&#8220;1.2em&#8220; header_2_font=&#8220;Oswald|||on|||||&#8220; custom_padding=&#8220;25px|||&#8220; hover_enabled=&#8220;0&#8243; global_colors_info=&#8220;{}&#8220; theme_builder_area=&#8220;post_content&#8220; sticky_enabled=&#8220;0&#8243;]<\/p>\n<h2>Zusammenarbeit<\/h2>\n<p>Gemeinsam mit unseren zuverl\u00e4ssigen Kooperationspartnern aus dem Transportbereich k\u00f6nnen wir Ihnen See- und Landtransport anbieten, sowie komplette Transportl\u00f6sungen rund um die Welt. Arliten O\u00dc ist Mitglied der Estnischen Handels- und Industriekammer.[\/et_pb_text][\/et_pb_column][\/et_pb_row][\/et_pb_section]<\/p>\n","protected":false},"excerpt":{"rendered":"<p>Wir betreuen jeden Kunden individuellArliten O\u00dc, gegr\u00fcndet im Jahr 2003 ist ein Privatunternehmen, das unter dem Warenzeichen The Skymill Holzh\u00e4user und Holzprodukte verkauft und exportiert. Wir haben fast 25 Jahre Erfahrung in der Herstellung und dem Verkauf von Blockbohlenbauten. Unsere Garten-, Sommer- oder Wohnh\u00e4user befinden sich auf allen Kontinenten der Erde.25+Jahre Erfahrung in der Herstellung [&hellip;]<\/p>\n","protected":false},"author":1,"featured_media":0,"parent":0,"menu_order":0,"comment_status":"closed","ping_status":"closed","template":"","meta":{"_et_pb_use_builder":"on","_et_pb_old_content":"","_et_gb_content_width":"","footnotes":""},"class_list":["post-2348","page","type-page","status-publish","hentry"],"_links":{"self":[{"href":"https:\/\/skymill.ee\/de\/wp-json\/wp\/v2\/pages\/2348","targetHints":{"allow":["GET"]}}],"collection":[{"href":"https:\/\/skymill.ee\/de\/wp-json\/wp\/v2\/pages"}],"about":[{"href":"https:\/\/skymill.ee\/de\/wp-json\/wp\/v2\/types\/page"}],"author":[{"embeddable":true,"href":"https:\/\/skymill.ee\/de\/wp-json\/wp\/v2\/users\/1"}],"replies":[{"embeddable":true,"href":"https:\/\/skymill.ee\/de\/wp-json\/wp\/v2\/comments?post=2348"}],"version-history":[{"count":2,"href":"https:\/\/skymill.ee\/de\/wp-json\/wp\/v2\/pages\/2348\/revisions"}],"predecessor-version":[{"id":2350,"href":"https:\/\/skymill.ee\/de\/wp-json\/wp\/v2\/pages\/2348\/revisions\/2350"}],"wp:attachment":[{"href":"https:\/\/skymill.ee\/de\/wp-json\/wp\/v2\/media?parent=2348"}],"curies":[{"name":"wp","href":"https:\/\/api.w.org\/{rel}","templated":true}]}}